{"id":313,"date":"2013-01-12T00:07:33","date_gmt":"2013-01-11T23:07:33","guid":{"rendered":"http:\/\/www.andreknops.com\/?page_id=313"},"modified":"2026-03-25T15:14:18","modified_gmt":"2026-03-25T14:14:18","slug":"publications","status":"publish","type":"page","link":"http:\/\/www.andreknops.com\/?page_id=313","title":{"rendered":"Publications"},"content":{"rendered":"\n<p>* indicates equal contributions. For pdf-requests, send an email to: knops {Dot) andre (funny a-like symbol} gmail [dot} com.<\/p>\n\n\n\n<p><strong>2026 &amp; in press<\/strong><\/p>\n\n\n\n<p>Jacquel, M., Viarouge, A. &amp; <strong>Knops, A.<\/strong> (2026). The temporal momentum effect reflects temporal cognition but cannot be entirely explained by central tendency and range effects. <em>Cognition<\/em>. <a href=\"https:\/\/doi.org\/10.1016\/j.cognition.2026.106500\">https:\/\/doi.org\/10.1016\/j.cognition.2026.106500<\/a><\/p>\n\n\n\n<p>Chr\u00e9tien, L., Poirel, N., <strong>Knops, A.<\/strong>, &amp; Viarouge, A. (2026). Local\/global visual processing impacts numerosity-magnitude conflict resolution. <em>Scientific Reports<\/em>. <a href=\"https:\/\/doi.org\/10.1038\/s41598-026-37755-w\">https:\/\/doi.org\/10.1038\/s41598-026-37755-w<\/a>&nbsp;<\/p>\n\n\n\n<p>Janko, D., Agostino, C.S., Willmes, K. &amp; <strong>Knops, A.<\/strong> (2026). Drill-training leads to both procedural acceleration and increased memory retrieval in complex addition and subtraction problems, <em>ZDM-Mathematics Education <\/em><a href=\"https:\/\/rdcu.be\/e7JOj\">https:\/\/rdcu.be\/e7JOj<\/a><\/p>\n\n\n\n<p>Garsmeur, A., Morand, R., &amp; <strong>Knops, A<\/strong>. (2026). Dissociation of Size and Distance Effect in Numerical Magnitude Comparison in Less Familiar Number Ranges. <em>Journal of Cognition<\/em>, 9(1): 14, pp. 1\u201322. <a href=\"https:\/\/doi.org\/10.5334\/joc.486\" target=\"_blank\" rel=\"noreferrer noopener\">https:\/\/doi.org\/10.5334\/joc.486<\/a><\/p>\n\n\n\n<p>Omont-Lescieux, S. <strong>Knops, A.<\/strong>, Coolen, I.E.J.I. (2026). The role of inhibition in the development of arithmetic skills\u2014A cross-sectional study in 5- and 7-year-old children, <em>Child Development<\/em>, aacaf009, <a href=\"https:\/\/doi.org\/10.1093\/chidev\/aacaf009\">https:\/\/doi.org\/10.1093\/chidev\/aacaf009<\/a><\/p>\n\n\n\n<p><strong>2025 <\/strong><\/p>\n\n\n\n<p>Decarli, G.,Illikoud, N., Granjon, L.,<strong> Knops, A.<\/strong>, Viarouge, A. &amp; de Hevia, M. D. (16 Dec 2025): Relationship Between Inhibitory Skills and Numerical Momentum in Infancy,<em> Journal of Cognition and Development<\/em>, <a href=\"https:\/\/doi.org\/10.1080\/15248372.2025.2600944\" data-type=\"URL\" data-id=\"https:\/\/doi.org\/10.1080\/15248372.2025.2600944\">https:\/\/doi.org\/10.1080\/15248372.2025.2600944<\/a><\/p>\n\n\n\n<p><strong>Knops, A.<\/strong> (2025). Dyscalculie d\u00e9veloppementale &#8211; bref aper\u00e7u et orientations futures. <em>Cahiers Pratiques d&#8217;A.N.A.E. 197<\/em>, 523-535<em>.<\/em><\/p>\n\n\n\n<p><strong>2024<\/strong><\/p>\n\n\n\n<p>Prado*, J. &amp; <strong>Knops*, A.<\/strong> (2024). Attentional involvement during mental arithmetic \u2013 a literature review and meta-analysis. <em>Psychonomic Bulletin &amp; Revie<\/em><em>w<\/em>, 31, 2036\u20132057. <a href=\"https:\/\/doi.org\/10.3758\/s13423-024-02499-z\">https:\/\/doi.org\/10.3758\/s13423-024-02499-z<\/a><\/p>\n\n\n\n<p><strong>2023 <\/strong><\/p>\n\n\n\n<p>Aite, A., Alterelli, I., Borst, G. &amp; <strong>Knops, A.<\/strong> (2023). The learning brain: a new perspective for education. In: O&#8217;Donnell, A. (ed.).<em> The Oxford Handbook of Educational Psychology<\/em>,&nbsp; Oxford University Press, Oxford, UK. <a href=\"https:\/\/doi.org\/10.1093\/oxfordhb\/9780199841332.013.14\">https:\/\/doi.org\/10.1093\/oxfordhb\/9780199841332.013.14&nbsp;<\/a><\/p>\n\n\n\n<p>Coolen, I., Omont-Lescieux, S., &amp; <strong>Knops, A.<\/strong> (2023). Now you see it, now you don\u2019t &#8211; Cognitive skills and their contributions to mathematics across early development. <em>Journal of Cognition, 6<\/em>(1): 43, 1-21<em>. <\/em><a href=\"https:\/\/doi.org\/10.5334\/joc.309\">https:\/\/doi.org\/10.5334\/joc.309<\/a><\/p>\n\n\n\n<p>Didino, D., Brandtner, M., Glaser, M., &amp; <strong>Knops, A.<\/strong> (2023). Probing the dual-route model of the SNARC effect by orthogonalising processing speed and depth. <em>Experimental Psycholog<\/em><em>y, <\/em>70, 1-13<em>. <\/em><a href=\"https:\/\/doi.org\/10.1027\/1618-3169\/a000577\">https:\/\/doi.org\/10.1027\/1618-3169\/a000577<\/a><\/p>\n\n\n\n<p>Czarnecka, M., R\u0105czy, K., Szewczyk, J., Papli\u0144ska, M., Jednor\u00f3g, K., Marchewka, A., Hesselmann, G., <strong>Knops*, A.<\/strong>, Szwed*, M. (2023) Overlapping but separate number representations in the intraparietal sulcus \u2013 probing format- and modality-independence in sighted Braille readers, <em>Cortex, 162, 65-80. <a href=\"https:\/\/doi.org\/10.1016\/j.cortex.2023.01.011\">https:\/\/doi.org\/10.1016\/j.cortex.2023.01.011<\/a><br><\/em><\/p>\n\n\n\n<p>Klein, E. &amp;<strong> Knops, A.<\/strong> (2023). The two-network framework of number processing \u2013 a step towards a better understanding of the neural origins of developmental dyscalculia, <em>Journal of Neural Transmission<\/em>, <em>130<\/em>(3), 253-268. <a href=\"https:\/\/doi.org\/10.1007\/s00702-022-02580-8\">https:\/\/doi.org\/10.1007\/s00702-022-02580-8<\/a><\/p>\n\n\n\n<p>Hesselmann, G. &amp; <strong>Knops, A.<\/strong> (2023). No conclusive evidence for number-induced attentional shifts in a temporal order judgment task. <em>Quarterly Journal of Experimental Psychology, <\/em>17470218231152406. <a href=\"https:\/\/doi.org\/10.1177\/17470218231152406\">https:\/\/doi.org\/10.1177\/17470218231152406<\/a><\/p>\n\n\n\n<p>Glaser, M &amp; <strong>Knops, A.<\/strong> (2023). Spatial Biases in Approximate Arithmetic Are Subject to Sequential Dependency Effects and Dissociate From Attentional Biases. <em>Journal of Numerical Cognition<\/em>, <em>9<\/em>(1), 44-64. <a href=\"https:\/\/doi.org\/10.5964\/jnc.8373\">https:\/\/doi.org\/10.5964\/jnc.8373<\/a><\/p>\n\n\n\n<p><strong><span style=\"text-decoration: underline;\">2022<\/span><\/strong><\/p>\n\n\n\n<p>Didino, D., Brandtner, M., <strong>Knops, A.<\/strong> (2022). No Influence of Masked Priming on the Multiplication Fact Retrieval in a Result Verification Task. <em>Journal of Numerical Cognition<\/em>,<em> 8<\/em>(1), 202\u2013225.<\/p>\n\n\n\n<p><span style=\"text-decoration: underline;\"><strong>2020<\/strong><\/span><\/p>\n\n\n\n<p>R\u0105czy, K., Czarnecka, M., Zaremba, D., Papli\u0144ska, M., Hesselmann, G., <strong>Knops, A.<\/strong> &amp; Szwed, M. (2020). A shared code for Braille and Arabic digits revealed by cross-modal priming in sighted Braille readers. <em>Acta Psychologica<\/em>, 202.<\/p>\n\n\n\n<p>Pinho, A.L., Amadon, A., Gauthier, B., Clairis, N., <strong>Knops, A.<\/strong> <i>et al.<\/i> (2020). Individual Brain Charting dataset extension, second release of high-resolution fMRI data for cognitive mapping. <em>Scientific Data <\/em><b><em>7<\/em>, <\/b>353<\/p>\n\n\n\n<p>R\u0105czy, K., Czarnecka, M., Papli\u0144ska, M., Hesselmann, G., <strong>Knops, A.<\/strong> &amp; Szwed, M. (2020). Tactile to visual number priming in the left Intraparietal Cortex of sighted Braille readers. <em>Scientific Reports, 10:<\/em>17571.<\/p>\n\n\n\n<p>Glaser, M. &amp; <strong>Knops, A.<\/strong> (2020). When adding is right &#8211; temporal order judgments reveal spatial attention shifts during two-digit mental arithmetic. <em>The<\/em> <em>Quarterly Journal of Experimental Psychology. &nbsp;<\/em>73(7), 1115\u20131132.<\/p>\n\n\n\n<p><strong>Knops, A.<\/strong> (2020). <em>Numerical Cognition \u2013 The Basics<\/em>. Routledge, Abingdon, Oxon; New York, NY: Routledge [<a title=\"at Routledge\" href=\"https:\/\/www.routledge.com\/Numerical-Cognition\/Knops\/p\/book\/9780815357230\">for sale here<\/a>].<\/p>\n\n\n\n<p><strong>Knops, A.<\/strong> (2020). <em>Bien d\u00e9buter en CE1 \u2013 Compr\u00e9hension des nombres.<\/em> Paris, \u00c9ditions Nathan [<a title=\"chez Nathan\" href=\"https:\/\/enseignants.nathan.fr\/catalogue\/bien-debuter-en-ce1-comprehension-des-nombres-fichier-a-photocopier-9782091242453.html\">commander ici<\/a>].<\/p>\n\n\n\n<p><strong><span style=\"text-decoration: underline;\">2019<\/span><\/strong><\/p>\n\n\n\n<p><strong>Knops. A.<\/strong> (2019). Author accepted manuscript: Understanding mathematical thinking\u2013the key for improving mathematical performance and a test case for exploring the human mind, <em> The Quarterly Journal of Experimental Psychology, <a class=\"doiWidgetLink\" href=\"https:\/\/doi.org\/10.1177%2F1747021819882893\">https:\/\/doi.org\/10.1177\/1747021819882893<\/a><\/em><\/p>\n\n\n\n<p><strong>Didino, D.<\/strong>, Breil, C. &amp;<strong> Knops, A.<\/strong> (2019). The influence of semantic processing and response latency on the SNARC effect. <em>Acta Psychologica, 196<\/em>:75-86. doi: 10.1016\/j.actpsy.2019.04.008.<\/p>\n\n\n\n<p><strong>Didino, D.<\/strong>, Pinheiro-Chagas, P., Wood, G., &amp; <strong>Knops, A. (2019).<\/strong> Response: Commentary: The Developmental Trajectory of the Operational Momentum Effect. <em><span class=\"jrnl\" title=\"Frontiers in psychology\">Frontiers in Psychology<\/span><\/em> 6;10:160. doi: 10.3389\/fpsyg.2019.00160.<\/p>\n\n\n\n<p><strong><span style=\"text-decoration: underline;\">2018<\/span><\/strong><\/p>\n\n\n\n<p><strong>Knops, A<\/strong>. (2018). Neuroimaging. In: Zeigler-Hill, V. &amp; Shackelford, T. (eds).&nbsp;Encyclopedia of Personality and Individual Differences. Springer.<\/p>\n\n\n\n<p>Cavdaroglu, S. &amp; <strong>Knops, A.<\/strong> (2018). Evidence for a posterior parietal cortex contribution to spatial but not temporal numerosity perception, <em>Cerebral Cortex, 29(7), 2965\u20132977, <a href=\"https:\/\/doi.org\/10.1093\/cercor\/bhy163\">https:\/\/doi.org\/10.1093\/cercor\/bhy163<\/a><\/em><\/p>\n\n\n\n<p>Pinheiro-Chagas, P., <strong>Didino, D.<\/strong> Haase, V. G., Wood, G. &amp; <strong>Knops, A.<\/strong> (2018). The developmental trajectory of the operational momentum effect, <em>Frontiers in Psychology &#8211; Developmental Psychology, 9:1062. doi: 10.3389\/fpsyg.2018.01062<\/em>.<\/p>\n\n\n\n<p><strong>Knops, A.<\/strong> (2018). Neurocognitive Evidence for Spatial Contributions to Numerical Cognition. In: Henik, A. &amp; Fias, W. (eds). Heterogeneity of Function in numerical Cognition, 211-232, Elsevier.<\/p>\n\n\n\n<p><strong><span style=\"text-decoration: underline;\">2017<\/span><\/strong><\/p>\n\n\n\n<p><strong>Knops, A.<\/strong>, Nuerk, H.-C., &amp; G\u00f6bel, S.M. (2017). Domain-General Factors Influencing Numerical and Arithmetic Processing. <em>Journal of Numerical Cognition, 3(2), <\/em>112 &#8211; 132<em>.<\/em><\/p>\n\n\n\n<p>Katz, C. Hoesterey, H. &amp; <strong>Knops, A. <\/strong>(2017). A role for attentional reorienting during approximate multiplication and division. <em>Journal of Numerical Cognition, 3(2), 246 &#8211; 269.<\/em><\/p>\n\n\n\n<p><strong>Knops, A<\/strong>. (2017). Probing the neural correlates of number processing. <em>The Neuroscientist,<\/em> <em>23<\/em> (3), 264-274.<strong><br><\/strong><\/p>\n\n\n\n<p><strong><span style=\"text-decoration: underline;\">2016<\/span><\/strong><\/p>\n\n\n\n<p>Katz, C. &amp; <strong>Knops, A.<\/strong> (2016). Decreased cerebellar-cerebral connectivity contributes to complex task performance. <em>Journal of Neurophysiology<\/em>, <em>116<\/em>, 1434\u20131448.<\/p>\n\n\n\n<p>Cavdaroglu, S. &amp;<strong> Knops, A.<\/strong> (2016). Mental subtraction and multiplication recruit both phonological and visuospatial resources: evidence from a symmetric dual-task design. <em>Psychological Research<\/em>,<em> 80(4)<\/em>: 608-624<\/p>\n\n\n\n<p>Klein, E., Suchan, J., Moeller, K., Karnath, H.-O., <strong>Knops, A.<\/strong>, Wood, G., Nuerk, H.-C., &amp; Willmes, K. (2016). Considering structural connectivity in the triple code model of numerical cognition &#8211; Differential connectivity for magnitude processing and arithmetic facts.<em> Brain, Structure &amp; Function, 221(2): <\/em>979-95.<\/p>\n\n\n\n<p><strong><span style=\"text-decoration: underline;\">2015<\/span><br><\/strong><\/p>\n\n\n\n<p><strong>Cavdaroglu, S., Katz, C. &amp; Knops, A. <\/strong>(2015). Dissociating estimation from comparison and response eliminates parietal involvement in sequential numerosity perception, <em>Neuroimage<\/em>, <em>116<\/em>: 135-148.<\/p>\n\n\n\n<p>Didino, D., <strong>Knops, A.<\/strong>, Vespignani, F., &amp; Kornpetpanee, S. (2015). Asymmetric activation spreading in the multiplication associative network due to asymmetric overlap between numerosities semantic representations? <em>Cognition, 141<\/em>, 1-8<em>. <\/em>[<a title=\"DidinoKnopsVespignaniKornpetpanee_Cognition2015\" href=\"http:\/\/authors.elsevier.com\/a\/1QvEG2Hx2O-cW\">download pdf<\/a>]<em><br><\/em><\/p>\n\n\n\n<p>Hesselmann, G., Darcy, N., Sterzer, P. &amp;<strong> Knops, A.<\/strong> (2015). Exploring the boundary conditions of unconscious numerical priming effects with continuous flash suppression. <em>Consciousness and Cognition, 31, 60 &#8211; 72<\/em>.<\/p>\n\n\n\n<p><span style=\"text-decoration: underline;\"><strong>2014<\/strong><\/span><\/p>\n\n\n\n<p>Fischer, M.H. &amp;<strong> Knops, A.<\/strong> (2014). Attentional Cueing in Numerical Cognition &#8211; A Commentary on Zanolie &amp; Pecher (2014). <em>Frontiers in Psychology, 5<\/em>:1381. doi: 10.3389\/fpsyg.2014.01381. [<a href=\"http:\/\/journal.frontiersin.org\/Journal\/10.3389\/fpsyg.2014.01381\/pdf\">download pdf<\/a>]<\/p>\n\n\n\n<p>Pinheiro-Chargas, P., Wood, G., <strong>Knops, A.<\/strong>, Krinzinger, H., Lonnemann, J., Startling-Alves, I., Willmes, K., &amp; Haase, V. (2014). In how many ways is the approximate number system associated with exact calculation? <em>PLoS One<\/em>. 9(11): e111155. doi:10.1371\/journal.pone.0111155 [<a href=\"http:\/\/www.plosone.org\/article\/fetchObject.action?uri=info%3Adoi%2F10.1371%2Fjournal.pone.0111155&amp;representation=PDF\">download pdf<\/a>]<\/p>\n\n\n\n<p>Hesselmann, G. &amp; <strong>Knops, A.<\/strong> (2014). No conclusive evidence for numerical priming under interocular suppression. <em>Psychological Science<\/em>.&nbsp;<em>25(11)<\/em>:2116-2119. <cite><span class=\"cit-doi\"><span class=\"cit-sep cit-sep-before-article-doi\">doi:<\/span>10.1177\/0956797614548876<\/span><\/cite><\/p>\n\n\n\n<p><strong>Katz, C. <\/strong>&amp;<strong> Knops, A.<\/strong> (2014). Operational momentum in approximate multiplication and division? <em>PLoS One<\/em>; 9(8):e104777. doi: 10.1371\/journal.pone.0104777. [<a href=\"http:\/\/www.andreknops.com\/wordpress\/wp-content\/uploads\/2013\/02\/KatzKnops_OperationalMomentumInMultiplicationAndDivision_PlosOne20141.pdf\">download pdf<\/a>]<\/p>\n\n\n\n<p><strong>Knops, A.<\/strong>, Piazza, M., Sengupta, R., Eger, E., &amp; Melcher, D. (2014). A shared, flexible neural map architecture reflects capacity limits in both visual short term memory and enumeration. <em>The Journal of Neuroscience<\/em>, <em>34(30)<\/em>; 9857-9866.<\/p>\n\n\n\n<p><strong>Knops, A.<\/strong> , Dehaene, S., Bertelletti, I., Zorzi, M. (2014). Can Approximate Mental Calculation Account for Operational Momentum in Addition and Subtraction? <em>The Quarterly Journal of Experimental Psychology<em>, 67(8)<\/em>: 1541-1556. [<a href=\"http:\/\/www.andreknops.com\/?attachment_id=922\" rel=\"attachment wp-att-922\">Knops et al 2014 SupplementaryMaterial<\/a>]<br><\/em><\/p>\n\n\n\n<p><strong>Knops, A<\/strong>. &amp; Willmes, K. (2014). Numerical ordering and symbolic arithmetic share frontal and parietal circuits in the right hemisphere, <em>Neuroimage , 84<\/em>, 786-795.<\/p>\n\n\n\n<p><span style=\"text-decoration: underline;\"><strong>2013<\/strong><\/span><\/p>\n\n\n\n<p><strong>Knops, A<\/strong>., Zitzmann, S. &amp; McCrink, K. (2013). Examining the presence and determinants of operational momentum in childhood.&nbsp;<em>Frontiers in Psychology<\/em>, 4:325. [<a href=\"http:\/\/www.andreknops.com\/wordpress\/wp-content\/uploads\/2013\/02\/KnopsZitzmannMcCrink_ExaminingThePresenceAndDeterminantsOfOperationalMomentumInChildhood_FrontPsych2013.pdf\">download pdf<\/a>]<\/p>\n\n\n\n<p><span style=\"text-decoration: underline;\"><strong>2011<\/strong><\/span><\/p>\n\n\n\n<p>Koten Jr J.W., Lonnemann, J., Willmes, K.,&nbsp;&nbsp;<strong>Knops, A.<\/strong> (2011). Micro and macro pattern analyses of FMRI data support both early and late interaction of numerical and spatial information.&nbsp;<em>Frontiers in Human Neuroscience, 5:115<\/em>. [<a href=\"http:\/\/www.andreknops.com\/wordpress\/wp-content\/uploads\/2013\/02\/KotenLonnemannWillmesKnops_MicroAndMacroPatternAnalysesSupportEarlyAndLateInteractionOfNumberAndSpace_FrontiersInHumanNeuroscience2011.pdf\">download pdf<\/a>]<\/p>\n\n\n\n<p>Boecker, M., Drueke, B., Vorhold, V.,&nbsp;<strong>Knops, A.<\/strong>, Philippen, B., Gauggel, S. (2011). When response inhibition is followed by response reengagement: An event-related fMRI study.<em>Human Brain Mapping, 32(1)<\/em>: 94 -106.<\/p>\n\n\n\n<p><span style=\"text-decoration: underline;\"><strong>2009<\/strong><\/span><\/p>\n\n\n\n<p><strong>Knops, A.<\/strong>, Thirion, B., Hubbard, E.M., Michel, V. &amp; Dehaene, S. (2009). Recruitment of an area involved in eye movements during mental arithmetic.&nbsp;<em>Science, 324(5934)<\/em>:1583-5. [<a title=\"Knops et al. 2009\" href=\"http:\/\/www.sciencemag.org\/cgi\/rapidpdf\/324\/5934\/1583?ijkey=.wl3y6Epi7VPk&amp;keytype=ref&amp;siteid=sci\" target=\"_blank\" rel=\"noopener\">download pdf<\/a>]<\/p>\n\n\n\n<p><strong>Knops, A.<\/strong>, Viarouge A., &amp; Dehaene, S. (2009). Dynamic representations underlying symbolic and non-symbolic calculation: Evidence from the operational momentum effect.&nbsp;<em>Attention, Perception &amp; Psychophysics, 71(4)<\/em>, 803-821.<\/p>\n\n\n\n<p>Klein, E., Nuerk, H.-C., Wood, G.,&nbsp;<strong>Knops, A.<\/strong> &amp; Willmes, K. (2009). The exact vs. approximate distinction in numerical cognition is not exact, but only approximate: How different processes work together in multi-digit addition,<em> Brain and Cognition, 69<\/em>, 369 \u2013 381.<\/p>\n\n\n\n<p><span style=\"text-decoration: underline;\"><strong>2008<\/strong><\/span><\/p>\n\n\n\n<p>Huckauf, A.,&nbsp;<strong>Knops, A.<\/strong>, Nuerk, H.-C., &amp; Willmes, K. (2008). Semantic processing of crowded stimuli?&nbsp;<em>Psychological Research, 72(6)<\/em>: 648 \u2013 656.<\/p>\n\n\n\n<p>Lonnemann, J., Krinzinger, H.,&nbsp;<strong>Knops, A.<\/strong>, &amp; Willmes, K. (2008). Spatial representations of numbers in children and their connection with calculation abilities.&nbsp;<em>Cortex, 44(4)<\/em>, 420-428.<\/p>\n\n\n\n<p><span style=\"text-decoration: underline;\"><strong>2007<\/strong><\/span><\/p>\n\n\n\n<p>Gauggel, S.,&nbsp;<strong>Knops, A.<\/strong>, &amp; Staedtgen, M. (2007). Transkranielle Magnetstimulation (TMS). In S. Gauggel &amp; M. Herrmann (Eds.)&nbsp;<em>Handbuch der Neuro- und Biopsychologie<\/em> (pp. 220 \u2013 228), G\u00f6ttingen, Hogrefe Publishers. [German]<\/p>\n\n\n\n<p><span style=\"text-decoration: underline;\"><strong>2006<\/strong><\/span><\/p>\n\n\n\n<p><strong>Knops A.<\/strong>, Nuerk H.-C., Sparing R., Foltys H., Willmes K. (2006). On the functional role of the parietal cortex in number processing: How gender mediates the impact of a \u2018virtual lesion\u2019 induced by rTMS.&nbsp;<em>Neuropsychologia, 44(12)<\/em>, 2270 \u2013 2283.<\/p>\n\n\n\n<p><strong>Knops A.<\/strong>, Nuerk H.-C., Fimm B., Vohn R., Willmes K. (2006). A Special Role for Numbers in Working Memory? \u2013 An fMRI Study.&nbsp;<em>Neuroimage, 29<\/em>, 1 \u2013 14.<\/p>\n","protected":false},"excerpt":{"rendered":"<p>* indicates equal contributions. For pdf-requests, send an email to: knops {Dot) andre (funny a-like symbol} gmail [dot} com. 2026 &amp; in press Jacquel, M., Viarouge, A. &amp; Knops, A. (2026). The temporal momentum effect reflects temporal cognition but cannot be entirely explained by central tendency and range effects. Cognition. https:\/\/doi.org\/10.1016\/j.cognition.2026.106500 Chr\u00e9tien, L., Poirel, N., [&hellip;]<\/p>\n","protected":false},"author":1,"featured_media":0,"parent":0,"menu_order":5,"comment_status":"closed","ping_status":"closed","template":"","meta":{"footnotes":""},"class_list":["post-313","page","type-page","status-publish","hentry"],"_links":{"self":[{"href":"http:\/\/www.andreknops.com\/index.php?rest_route=\/wp\/v2\/pages\/313","targetHints":{"allow":["GET"]}}],"collection":[{"href":"http:\/\/www.andreknops.com\/index.php?rest_route=\/wp\/v2\/pages"}],"about":[{"href":"http:\/\/www.andreknops.com\/index.php?rest_route=\/wp\/v2\/types\/page"}],"author":[{"embeddable":true,"href":"http:\/\/www.andreknops.com\/index.php?rest_route=\/wp\/v2\/users\/1"}],"replies":[{"embeddable":true,"href":"http:\/\/www.andreknops.com\/index.php?rest_route=%2Fwp%2Fv2%2Fcomments&post=313"}],"version-history":[{"count":109,"href":"http:\/\/www.andreknops.com\/index.php?rest_route=\/wp\/v2\/pages\/313\/revisions"}],"predecessor-version":[{"id":1063,"href":"http:\/\/www.andreknops.com\/index.php?rest_route=\/wp\/v2\/pages\/313\/revisions\/1063"}],"wp:attachment":[{"href":"http:\/\/www.andreknops.com\/index.php?rest_route=%2Fwp%2Fv2%2Fmedia&parent=313"}],"curies":[{"name":"wp","href":"https:\/\/api.w.org\/{rel}","templated":true}]}}